{"id":151,"date":"2023-04-18T10:22:32","date_gmt":"2023-04-18T08:22:32","guid":{"rendered":"http:\/\/www.toding.hr\/pravila-privatnosti\/"},"modified":"2023-09-20T08:02:10","modified_gmt":"2023-09-20T06:02:10","slug":"datenschutz-bestimmungen","status":"publish","type":"page","link":"https:\/\/toding.hr\/de\/datenschutz-bestimmungen\/","title":{"rendered":"Datenschutz-Bestimmungen"},"content":{"rendered":"\r\n<h2 class=\"wp-block-heading\">Wer sind wir<\/h2>\r\n\r\n\r\n\r\n<p><strong class=\"privacy-policy-tutorial\">Vorgeschlagener Text:<\/strong>Die Adresse unserer Website lautet: http:\/\/www.toding.hr.<\/p>\r\n\r\n\r\n\r\n<h2 class=\"wp-block-heading\">Kommentare<\/h2>\r\n\r\n\r\n\r\n<p><strong class=\"privacy-policy-tutorial\">Vorgeschlagener Text:<\/strong>Wenn Besucher auf der Website einen Kommentar schreiben, erfassen wir die im Kommentarformular angezeigten Daten sowie die IP-Adresse des Besuchers sowie den User-Agent-String des Browsers, da Spam leichter zu erkennen ist.<\/p>\r\n\r\n\r\n\r\n<p>Eine aus Ihrer E-Mail-Adresse erstellte anonymisierte Zeichenfolge (auch Hash genannt) kann an den Gravatar-Dienst \u00fcbermittelt werden, um zu \u00fcberpr\u00fcfen, ob Sie ihn verwenden. Die Datenschutzerkl\u00e4rung des Gravatar-Dienstes finden Sie hier: https:\/\/automattic.com\/privacy\/. Nachdem Ihr Kommentar genehmigt wurde, ist Ihr Profilbild im Kontext Ihres Kommentars \u00f6ffentlich sichtbar.<\/p>\r\n\r\n\r\n\r\n<h2 class=\"wp-block-heading\">Mittel<\/h2>\r\n\r\n\r\n\r\n<p><strong class=\"privacy-policy-tutorial\">Vorgeschlagener Text: <\/strong>Wenn Sie ein Bild auf eine Website hochladen, sollten Sie das Hochladen von Bildern mit eingebetteten Standortinformationen (EXIF GPS) vermeiden. Website-Besucher k\u00f6nnen sie herunterladen und beliebige Standortdaten aus Bildern auf der Website extrahieren.<\/p>\r\n\r\n\r\n\r\n<h2 class=\"wp-block-heading\">Cookies<\/h2>\r\n\r\n\r\n\r\n<p><strong class=\"privacy-policy-tutorial\">Vorgeschlagener Text: <\/strong>Wenn Sie einen Kommentar auf unserer Website schreiben, k\u00f6nnen Sie Ihren Namen, Ihre E-Mail-Adresse und Ihre Website in Cookies speichern. Dies erleichtert Ihnen das erneute Kommentieren, sodass Sie diese Informationen nicht erneut eingeben m\u00fcssen. Diese Cookies sind ein Jahr lang haltbar.<\/p>\r\n\r\n\r\n\r\n<p>Wenn Sie unsere Anmeldeseite besuchen, setzen wir ein tempor\u00e4res Cookie, um festzustellen, ob Ihr Browser Cookies akzeptiert. Dieses Cookie enth\u00e4lt keine personenbezogenen Daten und wird gel\u00f6scht, wenn Sie Ihren Browser schlie\u00dfen.<\/p>\r\n\r\n\r\n\r\n<p>Wenn Sie sich anmelden, werden wir auch einige Cookies setzen, um Ihre Anmeldeinformationen und Ihre Anzeigeeinstellungen zu speichern. Anmelde-Cookies haben eine Lebensdauer von zwei Tagen und Cookies f\u00fcr Anzeigeeinstellungen ein Jahr. Wenn Sie \u201eAngemeldet bleiben\u201c ausw\u00e4hlen, ist Ihr Login zwei Wochen lang g\u00fcltig. Wenn Sie sich von Ihrem Konto abmelden, werden Anmeldecookies entfernt.<\/p>\r\n\r\n\r\n\r\n<p>Wenn Sie einen Artikel bearbeiten oder ver\u00f6ffentlichen, wird ein zus\u00e4tzlicher Cookie in Ihrem Browser gespeichert. Dieses Cookie enth\u00e4lt keine pers\u00f6nlichen Informationen und gibt lediglich die Ver\u00f6ffentlichungs-ID des Artikels an, den Sie gerade bearbeitet haben. Das Cookie l\u00e4uft nach 1 Tag ab.<\/p>\r\n\r\n\r\n\r\n<h2 class=\"wp-block-heading\">Eingebettete Inhalte von anderen Websites<\/h2>\r\n\r\n\r\n\r\n<p><strong class=\"privacy-policy-tutorial\">Vorgeschlagener Text:<\/strong>Artikel auf dieser Website k\u00f6nnen eingebettete Inhalte enthalten (z. B. Videos, Bilder, Artikel usw.). Eingebettete Inhalte von anderen Webseiten verhalten sich genauso, als ob der Besucher diese andere Webseite besucht h\u00e4tte.<\/p>\r\n\r\n\r\n\r\n<p>Diese Websites k\u00f6nnen Informationen \u00fcber Sie sammeln, Cookies verwenden, zus\u00e4tzliches Tracking von Drittanbietern eingebettet haben und Ihre Interaktion mit diesem eingebetteten Inhalt \u00fcberwachen, einschlie\u00dflich der Verfolgung Ihrer Interaktion mit dem eingebetteten Inhalt, wenn Sie ein Konto haben und dort angemeldet sind Website .<\/p>\r\n\r\n\r\n\r\n<h2 class=\"wp-block-heading\">Mit wem wir Ihre Daten teilen<\/h2>\r\n\r\n\r\n\r\n<p><strong class=\"privacy-policy-tutorial\">Vorgeschlagener Text: <\/strong>Wenn Sie eine Passwortzur\u00fccksetzung anfordern, wird Ihre IP-Adresse in die E-Mail-Nachricht zum Zur\u00fccksetzen aufgenommen.<\/p>\r\n\r\n\r\n\r\n<h2 class=\"wp-block-heading\">Wie lange wir Ihre Daten aufbewahren<\/h2>\r\n\r\n\r\n\r\n<p><strong class=\"privacy-policy-tutorial\">Vorgeschlagener Text: <\/strong>Wenn Sie einen Kommentar schreiben, werden der Kommentar und seine Metadaten f\u00fcr immer gespeichert. Auf diese Weise k\u00f6nnen wir zuk\u00fcnftige Kommentare automatisch erkennen und genehmigen, anstatt sie bis zur Genehmigung zur\u00fcckzuhalten.<\/p>\r\n\r\n\r\n\r\n<p>F\u00fcr Benutzer, die sich auf unserer Website registrieren (falls vorhanden), speichern wir auch die pers\u00f6nlichen Daten, die sie in ihren Benutzerprofilen angeben. Alle Benutzer k\u00f6nnen ihre pers\u00f6nlichen Daten jederzeit einsehen, bearbeiten oder l\u00f6schen (mit Ausnahme von mir nicht). \u00e4ndere meinen Benutzernamen). Website-Administratoren k\u00f6nnen diese Informationen auch anzeigen und bearbeiten.<\/p>\r\n\r\n\r\n\r\n<h2 class=\"wp-block-heading\">Welche Rechte haben Sie an Ihren Daten?<\/h2>\r\n\r\n\r\n\r\n<p><strong class=\"privacy-policy-tutorial\">Vorgeschlagener Text: <\/strong>Wenn Sie ein Konto auf dieser Website haben oder Kommentare geschrieben haben, k\u00f6nnen Sie den Erhalt einer Exportdatei der von uns gespeicherten personenbezogenen Daten anfordern \u00fcber Sie, einschlie\u00dflich aller Informationen, die Sie uns zur Verf\u00fcgung gestellt haben. Sie k\u00f6nnen auch die L\u00f6schung aller personenbezogenen Daten, die wir \u00fcber Sie haben, verlangen. Hierzu z\u00e4hlen nicht die Daten, die wir aus administrativen, rechtlichen oder sicherheitstechnischen Gr\u00fcnden aufbewahren m\u00fcssen.<\/p>\r\n\r\n\r\n\r\n<h2 class=\"wp-block-heading\">Wohin wir Ihre Daten senden<\/h2>\r\n\r\n\r\n\r\n<p><strong class=\"privacy-policy-tutorial\">Vorgeschlagener Text: <\/strong>Besucherkommentare k\u00f6nnen von einem automatisierten Spam-Erkennungsdienst \u00fcberpr\u00fcft werden.<\/p>\r\n","protected":false},"excerpt":{"rendered":"<p>Wer sind wir Vorgeschlagener Text:Die Adresse unserer Website lautet: http:\/\/www.toding.hr. Kommentare Vorgeschlagener Text:Wenn Besucher auf der Website einen Kommentar schreiben, erfassen wir die im Kommentarformular angezeigten Daten sowie die IP-Adresse des Besuchers sowie den User-Agent-String des Browsers, da Spam leichter zu erkennen ist. Eine aus Ihrer E-Mail-Adresse erstellte anonymisierte Zeichenfolge (auch Hash genannt) kann an [&hellip;]<\/p>\n","protected":false},"author":1,"featured_media":0,"parent":0,"menu_order":3,"comment_status":"closed","ping_status":"open","template":"template-politika-privatnosti.php","meta":{"footnotes":""},"class_list":["post-151","page","type-page","status-publish","hentry"],"aioseo_notices":[],"_links":{"self":[{"href":"https:\/\/toding.hr\/de\/wp-json\/wp\/v2\/pages\/151","targetHints":{"allow":["GET"]}}],"collection":[{"href":"https:\/\/toding.hr\/de\/wp-json\/wp\/v2\/pages"}],"about":[{"href":"https:\/\/toding.hr\/de\/wp-json\/wp\/v2\/types\/page"}],"author":[{"embeddable":true,"href":"https:\/\/toding.hr\/de\/wp-json\/wp\/v2\/users\/1"}],"replies":[{"embeddable":true,"href":"https:\/\/toding.hr\/de\/wp-json\/wp\/v2\/comments?post=151"}],"version-history":[{"count":3,"href":"https:\/\/toding.hr\/de\/wp-json\/wp\/v2\/pages\/151\/revisions"}],"predecessor-version":[{"id":1938,"href":"https:\/\/toding.hr\/de\/wp-json\/wp\/v2\/pages\/151\/revisions\/1938"}],"wp:attachment":[{"href":"https:\/\/toding.hr\/de\/wp-json\/wp\/v2\/media?parent=151"}],"curies":[{"name":"wp","href":"https:\/\/api.w.org\/{rel}","templated":true}]}}