{"id":2544,"date":"2023-04-18T10:28:48","date_gmt":"2023-04-18T08:28:48","guid":{"rendered":"https:\/\/www.toding.hr\/o-nama\/"},"modified":"2023-10-26T10:43:51","modified_gmt":"2023-10-26T08:43:51","slug":"uber-uns","status":"publish","type":"page","link":"https:\/\/toding.hr\/de\/uber-uns\/","title":{"rendered":"\u00dcber uns"},"content":{"rendered":"<p>Das Planungsb\u00fcro TODING d.o.o. wurde im Jahr 1997 gegr\u00fcndet und ist ein Unternehmen, das auf Planung und \u00dcberwachung spezialisiert ist.<\/p>\n<p>Seit der Gr\u00fcndung hat TODING an der Umsetzung zahlreicher Projekte teilgenommen, sowohl in der eigentlichen Planung von Konstruktionsprojekten als auch in der Projektleitung und \u00dcberwachung.<\/p>\n","protected":false},"excerpt":{"rendered":"<p>Das Planungsb\u00fcro TODING d.o.o. wurde im Jahr 1997 gegr\u00fcndet und ist ein Unternehmen, das auf Planung und \u00dcberwachung spezialisiert ist. Seit der Gr\u00fcndung hat TODING an der Umsetzung zahlreicher Projekte teilgenommen, sowohl in der eigentlichen Planung von Konstruktionsprojekten als auch in der Projektleitung und \u00dcberwachung.<\/p>\n","protected":false},"author":1,"featured_media":537,"parent":0,"menu_order":11,"comment_status":"closed","ping_status":"closed","template":"template-onama.php","meta":{"footnotes":""},"class_list":["post-2544","page","type-page","status-publish","has-post-thumbnail","hentry"],"aioseo_notices":[],"_links":{"self":[{"href":"https:\/\/toding.hr\/de\/wp-json\/wp\/v2\/pages\/2544","targetHints":{"allow":["GET"]}}],"collection":[{"href":"https:\/\/toding.hr\/de\/wp-json\/wp\/v2\/pages"}],"about":[{"href":"https:\/\/toding.hr\/de\/wp-json\/wp\/v2\/types\/page"}],"author":[{"embeddable":true,"href":"https:\/\/toding.hr\/de\/wp-json\/wp\/v2\/users\/1"}],"replies":[{"embeddable":true,"href":"https:\/\/toding.hr\/de\/wp-json\/wp\/v2\/comments?post=2544"}],"version-history":[{"count":4,"href":"https:\/\/toding.hr\/de\/wp-json\/wp\/v2\/pages\/2544\/revisions"}],"predecessor-version":[{"id":2574,"href":"https:\/\/toding.hr\/de\/wp-json\/wp\/v2\/pages\/2544\/revisions\/2574"}],"wp:featuredmedia":[{"embeddable":true,"href":"https:\/\/toding.hr\/de\/wp-json\/wp\/v2\/media\/537"}],"wp:attachment":[{"href":"https:\/\/toding.hr\/de\/wp-json\/wp\/v2\/media?parent=2544"}],"curies":[{"name":"wp","href":"https:\/\/api.w.org\/{rel}","templated":true}]}}